{"id":10942,"date":"2024-12-16T11:29:33","date_gmt":"2024-12-16T10:29:33","guid":{"rendered":"https:\/\/marina-pool.com\/?page_id=10942"},"modified":"2024-12-16T11:49:48","modified_gmt":"2024-12-16T10:49:48","slug":"bewertung-von-schwimmbad-teststreifen","status":"publish","type":"page","link":"https:\/\/marina-pool.com\/de\/tipps-garten-pool-whirlpool\/bewertung-von-schwimmbad-teststreifen\/","title":{"rendered":"Optimiere deine Wartungsroutine: Bewertung von Pool-Teststreifen"},"content":{"rendered":"","protected":false},"excerpt":{"rendered":"","protected":false},"author":4,"featured_media":10951,"parent":4389,"menu_order":0,"comment_status":"closed","ping_status":"closed","template":"","meta":{"_acf_changed":false,"footnotes":""},"class_list":["post-10942","page","type-page","status-publish","has-post-thumbnail","hentry"],"acf":[],"yoast_head":"<!-- This site is optimized with the Yoast SEO plugin v27.0 - https:\/\/yoast.com\/product\/yoast-seo-wordpress\/ -->\n<title>Optimiere deine Wartungsroutine: Bewertung von Pool-Teststreifen<\/title>\n<meta name=\"description\" content=\"Die Wasserqualit\u00e4t deines Pools ist das A und O, wenn es um ungetr\u00fcbten Badespa\u00df und eine sichere Nutzung geht\" \/>\n<meta name=\"robots\" content=\"index, follow, max-snippet:-1, max-image-preview:large, max-video-preview:-1\" \/>\n<link rel=\"canonical\" href=\"https:\/\/marina-pool.com\/de\/tipps-garten-pool-whirlpool\/bewertung-von-schwimmbad-teststreifen\/\" \/>\n<meta property=\"og:locale\" content=\"de_DE\" \/>\n<meta property=\"og:type\" content=\"article\" \/>\n<meta property=\"og:title\" content=\"Optimiere deine Wartungsroutine: Bewertung von Pool-Teststreifen\" \/>\n<meta property=\"og:description\" content=\"Die Wasserqualit\u00e4t deines Pools ist das A und O, wenn es um ungetr\u00fcbten Badespa\u00df und eine sichere Nutzung geht\" \/>\n<meta property=\"og:url\" content=\"https:\/\/marina-pool.com\/de\/tipps-garten-pool-whirlpool\/bewertung-von-schwimmbad-teststreifen\/\" \/>\n<meta property=\"og:site_name\" content=\"Marina Piscine\" \/>\n<meta property=\"article:modified_time\" content=\"2024-12-16T10:49:48+00:00\" \/>\n<meta property=\"og:image\" content=\"https:\/\/marina-pool.com\/wp-content\/uploads\/2024\/12\/header-page-MARINA-1.jpg\" \/>\n\t<meta property=\"og:image:width\" content=\"850\" \/>\n\t<meta property=\"og:image:height\" content=\"275\" \/>\n\t<meta property=\"og:image:type\" content=\"image\/jpeg\" \/>\n<meta name=\"twitter:card\" content=\"summary_large_image\" \/>\n<meta name=\"twitter:label1\" content=\"Est. reading time\" \/>\n\t<meta name=\"twitter:data1\" content=\"1 minute\" \/>\n<script type=\"application\/ld+json\" class=\"yoast-schema-graph\">{\"@context\":\"https:\/\/schema.org\",\"@graph\":[{\"@type\":\"WebPage\",\"@id\":\"https:\/\/marina-pool.com\/de\/tipps-garten-pool-whirlpool\/bewertung-von-schwimmbad-teststreifen\/\",\"url\":\"https:\/\/marina-pool.com\/de\/tipps-garten-pool-whirlpool\/bewertung-von-schwimmbad-teststreifen\/\",\"name\":\"Optimiere deine Wartungsroutine: Bewertung von Pool-Teststreifen\",\"isPartOf\":{\"@id\":\"https:\/\/marina-pool.com\/de\/#website\"},\"primaryImageOfPage\":{\"@id\":\"https:\/\/marina-pool.com\/de\/tipps-garten-pool-whirlpool\/bewertung-von-schwimmbad-teststreifen\/#primaryimage\"},\"image\":{\"@id\":\"https:\/\/marina-pool.com\/de\/tipps-garten-pool-whirlpool\/bewertung-von-schwimmbad-teststreifen\/#primaryimage\"},\"thumbnailUrl\":\"https:\/\/marina-pool.com\/wp-content\/uploads\/2024\/12\/header-page-MARINA-1.jpg\",\"datePublished\":\"2024-12-16T10:29:33+00:00\",\"dateModified\":\"2024-12-16T10:49:48+00:00\",\"description\":\"Die Wasserqualit\u00e4t deines Pools ist das A und O, wenn es um ungetr\u00fcbten Badespa\u00df und eine sichere Nutzung geht\",\"breadcrumb\":{\"@id\":\"https:\/\/marina-pool.com\/de\/tipps-garten-pool-whirlpool\/bewertung-von-schwimmbad-teststreifen\/#breadcrumb\"},\"inLanguage\":\"de-DE\",\"potentialAction\":[{\"@type\":\"ReadAction\",\"target\":[\"https:\/\/marina-pool.com\/de\/tipps-garten-pool-whirlpool\/bewertung-von-schwimmbad-teststreifen\/\"]}]},{\"@type\":\"ImageObject\",\"inLanguage\":\"de-DE\",\"@id\":\"https:\/\/marina-pool.com\/de\/tipps-garten-pool-whirlpool\/bewertung-von-schwimmbad-teststreifen\/#primaryimage\",\"url\":\"https:\/\/marina-pool.com\/wp-content\/uploads\/2024\/12\/header-page-MARINA-1.jpg\",\"contentUrl\":\"https:\/\/marina-pool.com\/wp-content\/uploads\/2024\/12\/header-page-MARINA-1.jpg\",\"width\":850,\"height\":275},{\"@type\":\"BreadcrumbList\",\"@id\":\"https:\/\/marina-pool.com\/de\/tipps-garten-pool-whirlpool\/bewertung-von-schwimmbad-teststreifen\/#breadcrumb\",\"itemListElement\":[{\"@type\":\"ListItem\",\"position\":1,\"name\":\"Willkommen\",\"item\":\"https:\/\/marina-pool.com\/de\/\"},{\"@type\":\"ListItem\",\"position\":2,\"name\":\"Optimiere deine Wartungsroutine: Bewertung von Pool-Teststreifen\"}]},{\"@type\":\"WebSite\",\"@id\":\"https:\/\/marina-pool.com\/de\/#website\",\"url\":\"https:\/\/marina-pool.com\/de\/\",\"name\":\"Marina Piscine\",\"description\":\"Traitement de l&#039;eau de piscine. Marina propose des produits d&#039;entretien de l&#039;eau pour piscines. Anti-algues, d\u00e9sinfection, chlore, brome ...\",\"publisher\":{\"@id\":\"https:\/\/marina-pool.com\/de\/#organization\"},\"potentialAction\":[{\"@type\":\"SearchAction\",\"target\":{\"@type\":\"EntryPoint\",\"urlTemplate\":\"https:\/\/marina-pool.com\/de\/?s={search_term_string}\"},\"query-input\":{\"@type\":\"PropertyValueSpecification\",\"valueRequired\":true,\"valueName\":\"search_term_string\"}}],\"inLanguage\":\"de-DE\"},{\"@type\":\"Organization\",\"@id\":\"https:\/\/marina-pool.com\/de\/#organization\",\"name\":\"Marina Piscine\",\"url\":\"https:\/\/marina-pool.com\/de\/\",\"logo\":{\"@type\":\"ImageObject\",\"inLanguage\":\"de-DE\",\"@id\":\"https:\/\/marina-pool.com\/de\/#\/schema\/logo\/image\/\",\"url\":\"https:\/\/marina-pool.com\/wp-content\/uploads\/2023\/11\/marian_piscine_logo.svg\",\"contentUrl\":\"https:\/\/marina-pool.com\/wp-content\/uploads\/2023\/11\/marian_piscine_logo.svg\",\"width\":296,\"height\":33,\"caption\":\"Marina Piscine\"},\"image\":{\"@id\":\"https:\/\/marina-pool.com\/de\/#\/schema\/logo\/image\/\"}}]}<\/script>\n<!-- \/ Yoast SEO plugin. -->","yoast_head_json":{"title":"Optimiere deine Wartungsroutine: Bewertung von Pool-Teststreifen","description":"Die Wasserqualit\u00e4t deines Pools ist das A und O, wenn es um ungetr\u00fcbten Badespa\u00df und eine sichere Nutzung geht","robots":{"index":"index","follow":"follow","max-snippet":"max-snippet:-1","max-image-preview":"max-image-preview:large","max-video-preview":"max-video-preview:-1"},"canonical":"https:\/\/marina-pool.com\/de\/tipps-garten-pool-whirlpool\/bewertung-von-schwimmbad-teststreifen\/","og_locale":"de_DE","og_type":"article","og_title":"Optimiere deine Wartungsroutine: Bewertung von Pool-Teststreifen","og_description":"Die Wasserqualit\u00e4t deines Pools ist das A und O, wenn es um ungetr\u00fcbten Badespa\u00df und eine sichere Nutzung geht","og_url":"https:\/\/marina-pool.com\/de\/tipps-garten-pool-whirlpool\/bewertung-von-schwimmbad-teststreifen\/","og_site_name":"Marina Piscine","article_modified_time":"2024-12-16T10:49:48+00:00","og_image":[{"width":850,"height":275,"url":"https:\/\/marina-pool.com\/wp-content\/uploads\/2024\/12\/header-page-MARINA-1.jpg","type":"image\/jpeg"}],"twitter_card":"summary_large_image","twitter_misc":{"Est. reading time":"1 minute"},"schema":{"@context":"https:\/\/schema.org","@graph":[{"@type":"WebPage","@id":"https:\/\/marina-pool.com\/de\/tipps-garten-pool-whirlpool\/bewertung-von-schwimmbad-teststreifen\/","url":"https:\/\/marina-pool.com\/de\/tipps-garten-pool-whirlpool\/bewertung-von-schwimmbad-teststreifen\/","name":"Optimiere deine Wartungsroutine: Bewertung von Pool-Teststreifen","isPartOf":{"@id":"https:\/\/marina-pool.com\/de\/#website"},"primaryImageOfPage":{"@id":"https:\/\/marina-pool.com\/de\/tipps-garten-pool-whirlpool\/bewertung-von-schwimmbad-teststreifen\/#primaryimage"},"image":{"@id":"https:\/\/marina-pool.com\/de\/tipps-garten-pool-whirlpool\/bewertung-von-schwimmbad-teststreifen\/#primaryimage"},"thumbnailUrl":"https:\/\/marina-pool.com\/wp-content\/uploads\/2024\/12\/header-page-MARINA-1.jpg","datePublished":"2024-12-16T10:29:33+00:00","dateModified":"2024-12-16T10:49:48+00:00","description":"Die Wasserqualit\u00e4t deines Pools ist das A und O, wenn es um ungetr\u00fcbten Badespa\u00df und eine sichere Nutzung geht","breadcrumb":{"@id":"https:\/\/marina-pool.com\/de\/tipps-garten-pool-whirlpool\/bewertung-von-schwimmbad-teststreifen\/#breadcrumb"},"inLanguage":"de-DE","potentialAction":[{"@type":"ReadAction","target":["https:\/\/marina-pool.com\/de\/tipps-garten-pool-whirlpool\/bewertung-von-schwimmbad-teststreifen\/"]}]},{"@type":"ImageObject","inLanguage":"de-DE","@id":"https:\/\/marina-pool.com\/de\/tipps-garten-pool-whirlpool\/bewertung-von-schwimmbad-teststreifen\/#primaryimage","url":"https:\/\/marina-pool.com\/wp-content\/uploads\/2024\/12\/header-page-MARINA-1.jpg","contentUrl":"https:\/\/marina-pool.com\/wp-content\/uploads\/2024\/12\/header-page-MARINA-1.jpg","width":850,"height":275},{"@type":"BreadcrumbList","@id":"https:\/\/marina-pool.com\/de\/tipps-garten-pool-whirlpool\/bewertung-von-schwimmbad-teststreifen\/#breadcrumb","itemListElement":[{"@type":"ListItem","position":1,"name":"Willkommen","item":"https:\/\/marina-pool.com\/de\/"},{"@type":"ListItem","position":2,"name":"Optimiere deine Wartungsroutine: Bewertung von Pool-Teststreifen"}]},{"@type":"WebSite","@id":"https:\/\/marina-pool.com\/de\/#website","url":"https:\/\/marina-pool.com\/de\/","name":"Marina Piscine","description":"Traitement de l&#039;eau de piscine. Marina propose des produits d&#039;entretien de l&#039;eau pour piscines. Anti-algues, d\u00e9sinfection, chlore, brome ...","publisher":{"@id":"https:\/\/marina-pool.com\/de\/#organization"},"potentialAction":[{"@type":"SearchAction","target":{"@type":"EntryPoint","urlTemplate":"https:\/\/marina-pool.com\/de\/?s={search_term_string}"},"query-input":{"@type":"PropertyValueSpecification","valueRequired":true,"valueName":"search_term_string"}}],"inLanguage":"de-DE"},{"@type":"Organization","@id":"https:\/\/marina-pool.com\/de\/#organization","name":"Marina Piscine","url":"https:\/\/marina-pool.com\/de\/","logo":{"@type":"ImageObject","inLanguage":"de-DE","@id":"https:\/\/marina-pool.com\/de\/#\/schema\/logo\/image\/","url":"https:\/\/marina-pool.com\/wp-content\/uploads\/2023\/11\/marian_piscine_logo.svg","contentUrl":"https:\/\/marina-pool.com\/wp-content\/uploads\/2023\/11\/marian_piscine_logo.svg","width":296,"height":33,"caption":"Marina Piscine"},"image":{"@id":"https:\/\/marina-pool.com\/de\/#\/schema\/logo\/image\/"}}]}},"_links":{"self":[{"href":"https:\/\/marina-pool.com\/de\/wp-json\/wp\/v2\/pages\/10942","targetHints":{"allow":["GET"]}}],"collection":[{"href":"https:\/\/marina-pool.com\/de\/wp-json\/wp\/v2\/pages"}],"about":[{"href":"https:\/\/marina-pool.com\/de\/wp-json\/wp\/v2\/types\/page"}],"author":[{"embeddable":true,"href":"https:\/\/marina-pool.com\/de\/wp-json\/wp\/v2\/users\/4"}],"replies":[{"embeddable":true,"href":"https:\/\/marina-pool.com\/de\/wp-json\/wp\/v2\/comments?post=10942"}],"version-history":[{"count":2,"href":"https:\/\/marina-pool.com\/de\/wp-json\/wp\/v2\/pages\/10942\/revisions"}],"predecessor-version":[{"id":10948,"href":"https:\/\/marina-pool.com\/de\/wp-json\/wp\/v2\/pages\/10942\/revisions\/10948"}],"up":[{"embeddable":true,"href":"https:\/\/marina-pool.com\/de\/wp-json\/wp\/v2\/pages\/4389"}],"wp:featuredmedia":[{"embeddable":true,"href":"https:\/\/marina-pool.com\/de\/wp-json\/wp\/v2\/media\/10951"}],"wp:attachment":[{"href":"https:\/\/marina-pool.com\/de\/wp-json\/wp\/v2\/media?parent=10942"}],"curies":[{"name":"wp","href":"https:\/\/api.w.org\/{rel}","templated":true}]}}