{"id":11106,"date":"2025-03-17T16:02:09","date_gmt":"2025-03-17T15:02:09","guid":{"rendered":"https:\/\/marina-pool.com\/?page_id=11106"},"modified":"2025-03-17T16:02:09","modified_gmt":"2025-03-17T15:02:09","slug":"wie-wahlt-man-die-abdeckplane-fur-seinen-pool-aus","status":"publish","type":"page","link":"https:\/\/marina-pool.com\/de\/tipps-garten-pool-whirlpool\/wie-wahlt-man-die-abdeckplane-fur-seinen-pool-aus\/","title":{"rendered":"Wie w\u00e4hlt man die Abdeckplane f\u00fcr seinen Pool aus?"},"content":{"rendered":"","protected":false},"excerpt":{"rendered":"","protected":false},"author":4,"featured_media":11108,"parent":4389,"menu_order":0,"comment_status":"closed","ping_status":"closed","template":"","meta":{"_acf_changed":false,"footnotes":""},"class_list":["post-11106","page","type-page","status-publish","has-post-thumbnail","hentry"],"acf":[],"yoast_head":"<!-- This site is optimized with the Yoast SEO plugin v27.0 - https:\/\/yoast.com\/product\/yoast-seo-wordpress\/ -->\n<title>Wie w\u00e4hlt man die Abdeckplane f\u00fcr seinen Pool aus? - MARINA<\/title>\n<meta name=\"description\" content=\"Eine Poolabdeckung ist ein unverzichtbares Zubeh\u00f6r f\u00fcr jeden Poolbesitzer. Marina erkl\u00e4rt euch, warum.\" \/>\n<meta name=\"robots\" content=\"index, follow, max-snippet:-1, max-image-preview:large, max-video-preview:-1\" \/>\n<link rel=\"canonical\" href=\"https:\/\/marina-pool.com\/de\/tipps-garten-pool-whirlpool\/wie-wahlt-man-die-abdeckplane-fur-seinen-pool-aus\/\" \/>\n<meta property=\"og:locale\" content=\"de_DE\" \/>\n<meta property=\"og:type\" content=\"article\" \/>\n<meta property=\"og:title\" content=\"Wie w\u00e4hlt man die Abdeckplane f\u00fcr seinen Pool aus? - MARINA\" \/>\n<meta property=\"og:description\" content=\"Eine Poolabdeckung ist ein unverzichtbares Zubeh\u00f6r f\u00fcr jeden Poolbesitzer. Marina erkl\u00e4rt euch, warum.\" \/>\n<meta property=\"og:url\" content=\"https:\/\/marina-pool.com\/de\/tipps-garten-pool-whirlpool\/wie-wahlt-man-die-abdeckplane-fur-seinen-pool-aus\/\" \/>\n<meta property=\"og:site_name\" content=\"Marina Piscine\" \/>\n<meta property=\"og:image\" content=\"https:\/\/marina-pool.com\/wp-content\/uploads\/2025\/03\/Poolabdeckung.jpg\" \/>\n\t<meta property=\"og:image:width\" content=\"850\" \/>\n\t<meta property=\"og:image:height\" content=\"275\" \/>\n\t<meta property=\"og:image:type\" content=\"image\/jpeg\" \/>\n<meta name=\"twitter:card\" content=\"summary_large_image\" \/>\n<meta name=\"twitter:label1\" content=\"Est. reading time\" \/>\n\t<meta name=\"twitter:data1\" content=\"1 minute\" \/>\n<script type=\"application\/ld+json\" class=\"yoast-schema-graph\">{\"@context\":\"https:\/\/schema.org\",\"@graph\":[{\"@type\":\"WebPage\",\"@id\":\"https:\/\/marina-pool.com\/de\/tipps-garten-pool-whirlpool\/wie-wahlt-man-die-abdeckplane-fur-seinen-pool-aus\/\",\"url\":\"https:\/\/marina-pool.com\/de\/tipps-garten-pool-whirlpool\/wie-wahlt-man-die-abdeckplane-fur-seinen-pool-aus\/\",\"name\":\"Wie w\u00e4hlt man die Abdeckplane f\u00fcr seinen Pool aus? - MARINA\",\"isPartOf\":{\"@id\":\"https:\/\/marina-pool.com\/de\/#website\"},\"primaryImageOfPage\":{\"@id\":\"https:\/\/marina-pool.com\/de\/tipps-garten-pool-whirlpool\/wie-wahlt-man-die-abdeckplane-fur-seinen-pool-aus\/#primaryimage\"},\"image\":{\"@id\":\"https:\/\/marina-pool.com\/de\/tipps-garten-pool-whirlpool\/wie-wahlt-man-die-abdeckplane-fur-seinen-pool-aus\/#primaryimage\"},\"thumbnailUrl\":\"https:\/\/marina-pool.com\/wp-content\/uploads\/2025\/03\/Poolabdeckung.jpg\",\"datePublished\":\"2025-03-17T15:02:09+00:00\",\"description\":\"Eine Poolabdeckung ist ein unverzichtbares Zubeh\u00f6r f\u00fcr jeden Poolbesitzer. Marina erkl\u00e4rt euch, warum.\",\"breadcrumb\":{\"@id\":\"https:\/\/marina-pool.com\/de\/tipps-garten-pool-whirlpool\/wie-wahlt-man-die-abdeckplane-fur-seinen-pool-aus\/#breadcrumb\"},\"inLanguage\":\"de-DE\",\"potentialAction\":[{\"@type\":\"ReadAction\",\"target\":[\"https:\/\/marina-pool.com\/de\/tipps-garten-pool-whirlpool\/wie-wahlt-man-die-abdeckplane-fur-seinen-pool-aus\/\"]}]},{\"@type\":\"ImageObject\",\"inLanguage\":\"de-DE\",\"@id\":\"https:\/\/marina-pool.com\/de\/tipps-garten-pool-whirlpool\/wie-wahlt-man-die-abdeckplane-fur-seinen-pool-aus\/#primaryimage\",\"url\":\"https:\/\/marina-pool.com\/wp-content\/uploads\/2025\/03\/Poolabdeckung.jpg\",\"contentUrl\":\"https:\/\/marina-pool.com\/wp-content\/uploads\/2025\/03\/Poolabdeckung.jpg\",\"width\":850,\"height\":275},{\"@type\":\"BreadcrumbList\",\"@id\":\"https:\/\/marina-pool.com\/de\/tipps-garten-pool-whirlpool\/wie-wahlt-man-die-abdeckplane-fur-seinen-pool-aus\/#breadcrumb\",\"itemListElement\":[{\"@type\":\"ListItem\",\"position\":1,\"name\":\"Willkommen\",\"item\":\"https:\/\/marina-pool.com\/de\/\"},{\"@type\":\"ListItem\",\"position\":2,\"name\":\"Wie w\u00e4hlt man die Abdeckplane f\u00fcr seinen Pool aus?\"}]},{\"@type\":\"WebSite\",\"@id\":\"https:\/\/marina-pool.com\/de\/#website\",\"url\":\"https:\/\/marina-pool.com\/de\/\",\"name\":\"Marina Piscine\",\"description\":\"Traitement de l&#039;eau de piscine. Marina propose des produits d&#039;entretien de l&#039;eau pour piscines. Anti-algues, d\u00e9sinfection, chlore, brome ...\",\"publisher\":{\"@id\":\"https:\/\/marina-pool.com\/de\/#organization\"},\"potentialAction\":[{\"@type\":\"SearchAction\",\"target\":{\"@type\":\"EntryPoint\",\"urlTemplate\":\"https:\/\/marina-pool.com\/de\/?s={search_term_string}\"},\"query-input\":{\"@type\":\"PropertyValueSpecification\",\"valueRequired\":true,\"valueName\":\"search_term_string\"}}],\"inLanguage\":\"de-DE\"},{\"@type\":\"Organization\",\"@id\":\"https:\/\/marina-pool.com\/de\/#organization\",\"name\":\"Marina Piscine\",\"url\":\"https:\/\/marina-pool.com\/de\/\",\"logo\":{\"@type\":\"ImageObject\",\"inLanguage\":\"de-DE\",\"@id\":\"https:\/\/marina-pool.com\/de\/#\/schema\/logo\/image\/\",\"url\":\"https:\/\/marina-pool.com\/wp-content\/uploads\/2023\/11\/marian_piscine_logo.svg\",\"contentUrl\":\"https:\/\/marina-pool.com\/wp-content\/uploads\/2023\/11\/marian_piscine_logo.svg\",\"width\":296,\"height\":33,\"caption\":\"Marina Piscine\"},\"image\":{\"@id\":\"https:\/\/marina-pool.com\/de\/#\/schema\/logo\/image\/\"}}]}<\/script>\n<!-- \/ Yoast SEO plugin. -->","yoast_head_json":{"title":"Wie w\u00e4hlt man die Abdeckplane f\u00fcr seinen Pool aus? - MARINA","description":"Eine Poolabdeckung ist ein unverzichtbares Zubeh\u00f6r f\u00fcr jeden Poolbesitzer. Marina erkl\u00e4rt euch, warum.","robots":{"index":"index","follow":"follow","max-snippet":"max-snippet:-1","max-image-preview":"max-image-preview:large","max-video-preview":"max-video-preview:-1"},"canonical":"https:\/\/marina-pool.com\/de\/tipps-garten-pool-whirlpool\/wie-wahlt-man-die-abdeckplane-fur-seinen-pool-aus\/","og_locale":"de_DE","og_type":"article","og_title":"Wie w\u00e4hlt man die Abdeckplane f\u00fcr seinen Pool aus? - MARINA","og_description":"Eine Poolabdeckung ist ein unverzichtbares Zubeh\u00f6r f\u00fcr jeden Poolbesitzer. Marina erkl\u00e4rt euch, warum.","og_url":"https:\/\/marina-pool.com\/de\/tipps-garten-pool-whirlpool\/wie-wahlt-man-die-abdeckplane-fur-seinen-pool-aus\/","og_site_name":"Marina Piscine","og_image":[{"width":850,"height":275,"url":"https:\/\/marina-pool.com\/wp-content\/uploads\/2025\/03\/Poolabdeckung.jpg","type":"image\/jpeg"}],"twitter_card":"summary_large_image","twitter_misc":{"Est. reading time":"1 minute"},"schema":{"@context":"https:\/\/schema.org","@graph":[{"@type":"WebPage","@id":"https:\/\/marina-pool.com\/de\/tipps-garten-pool-whirlpool\/wie-wahlt-man-die-abdeckplane-fur-seinen-pool-aus\/","url":"https:\/\/marina-pool.com\/de\/tipps-garten-pool-whirlpool\/wie-wahlt-man-die-abdeckplane-fur-seinen-pool-aus\/","name":"Wie w\u00e4hlt man die Abdeckplane f\u00fcr seinen Pool aus? - MARINA","isPartOf":{"@id":"https:\/\/marina-pool.com\/de\/#website"},"primaryImageOfPage":{"@id":"https:\/\/marina-pool.com\/de\/tipps-garten-pool-whirlpool\/wie-wahlt-man-die-abdeckplane-fur-seinen-pool-aus\/#primaryimage"},"image":{"@id":"https:\/\/marina-pool.com\/de\/tipps-garten-pool-whirlpool\/wie-wahlt-man-die-abdeckplane-fur-seinen-pool-aus\/#primaryimage"},"thumbnailUrl":"https:\/\/marina-pool.com\/wp-content\/uploads\/2025\/03\/Poolabdeckung.jpg","datePublished":"2025-03-17T15:02:09+00:00","description":"Eine Poolabdeckung ist ein unverzichtbares Zubeh\u00f6r f\u00fcr jeden Poolbesitzer. Marina erkl\u00e4rt euch, warum.","breadcrumb":{"@id":"https:\/\/marina-pool.com\/de\/tipps-garten-pool-whirlpool\/wie-wahlt-man-die-abdeckplane-fur-seinen-pool-aus\/#breadcrumb"},"inLanguage":"de-DE","potentialAction":[{"@type":"ReadAction","target":["https:\/\/marina-pool.com\/de\/tipps-garten-pool-whirlpool\/wie-wahlt-man-die-abdeckplane-fur-seinen-pool-aus\/"]}]},{"@type":"ImageObject","inLanguage":"de-DE","@id":"https:\/\/marina-pool.com\/de\/tipps-garten-pool-whirlpool\/wie-wahlt-man-die-abdeckplane-fur-seinen-pool-aus\/#primaryimage","url":"https:\/\/marina-pool.com\/wp-content\/uploads\/2025\/03\/Poolabdeckung.jpg","contentUrl":"https:\/\/marina-pool.com\/wp-content\/uploads\/2025\/03\/Poolabdeckung.jpg","width":850,"height":275},{"@type":"BreadcrumbList","@id":"https:\/\/marina-pool.com\/de\/tipps-garten-pool-whirlpool\/wie-wahlt-man-die-abdeckplane-fur-seinen-pool-aus\/#breadcrumb","itemListElement":[{"@type":"ListItem","position":1,"name":"Willkommen","item":"https:\/\/marina-pool.com\/de\/"},{"@type":"ListItem","position":2,"name":"Wie w\u00e4hlt man die Abdeckplane f\u00fcr seinen Pool aus?"}]},{"@type":"WebSite","@id":"https:\/\/marina-pool.com\/de\/#website","url":"https:\/\/marina-pool.com\/de\/","name":"Marina Piscine","description":"Traitement de l&#039;eau de piscine. Marina propose des produits d&#039;entretien de l&#039;eau pour piscines. Anti-algues, d\u00e9sinfection, chlore, brome ...","publisher":{"@id":"https:\/\/marina-pool.com\/de\/#organization"},"potentialAction":[{"@type":"SearchAction","target":{"@type":"EntryPoint","urlTemplate":"https:\/\/marina-pool.com\/de\/?s={search_term_string}"},"query-input":{"@type":"PropertyValueSpecification","valueRequired":true,"valueName":"search_term_string"}}],"inLanguage":"de-DE"},{"@type":"Organization","@id":"https:\/\/marina-pool.com\/de\/#organization","name":"Marina Piscine","url":"https:\/\/marina-pool.com\/de\/","logo":{"@type":"ImageObject","inLanguage":"de-DE","@id":"https:\/\/marina-pool.com\/de\/#\/schema\/logo\/image\/","url":"https:\/\/marina-pool.com\/wp-content\/uploads\/2023\/11\/marian_piscine_logo.svg","contentUrl":"https:\/\/marina-pool.com\/wp-content\/uploads\/2023\/11\/marian_piscine_logo.svg","width":296,"height":33,"caption":"Marina Piscine"},"image":{"@id":"https:\/\/marina-pool.com\/de\/#\/schema\/logo\/image\/"}}]}},"_links":{"self":[{"href":"https:\/\/marina-pool.com\/de\/wp-json\/wp\/v2\/pages\/11106","targetHints":{"allow":["GET"]}}],"collection":[{"href":"https:\/\/marina-pool.com\/de\/wp-json\/wp\/v2\/pages"}],"about":[{"href":"https:\/\/marina-pool.com\/de\/wp-json\/wp\/v2\/types\/page"}],"author":[{"embeddable":true,"href":"https:\/\/marina-pool.com\/de\/wp-json\/wp\/v2\/users\/4"}],"replies":[{"embeddable":true,"href":"https:\/\/marina-pool.com\/de\/wp-json\/wp\/v2\/comments?post=11106"}],"version-history":[{"count":1,"href":"https:\/\/marina-pool.com\/de\/wp-json\/wp\/v2\/pages\/11106\/revisions"}],"predecessor-version":[{"id":11107,"href":"https:\/\/marina-pool.com\/de\/wp-json\/wp\/v2\/pages\/11106\/revisions\/11107"}],"up":[{"embeddable":true,"href":"https:\/\/marina-pool.com\/de\/wp-json\/wp\/v2\/pages\/4389"}],"wp:featuredmedia":[{"embeddable":true,"href":"https:\/\/marina-pool.com\/de\/wp-json\/wp\/v2\/media\/11108"}],"wp:attachment":[{"href":"https:\/\/marina-pool.com\/de\/wp-json\/wp\/v2\/media?parent=11106"}],"curies":[{"name":"wp","href":"https:\/\/api.w.org\/{rel}","templated":true}]}}