{"id":3839,"date":"2023-11-27T13:02:18","date_gmt":"2023-11-27T12:02:18","guid":{"rendered":"https:\/\/marina-pool.com\/trouver-un-revendeur\/"},"modified":"2024-05-24T10:30:13","modified_gmt":"2024-05-24T08:30:13","slug":"finde-einen-wiederverkaufer","status":"publish","type":"page","link":"https:\/\/marina-pool.com\/de\/finde-einen-wiederverkaufer\/","title":{"rendered":"Finde einen Wiederverk\u00e4ufer"},"content":{"rendered":"","protected":false},"excerpt":{"rendered":"","protected":false},"author":1,"featured_media":0,"parent":0,"menu_order":0,"comment_status":"closed","ping_status":"closed","template":"page-templates\/template-page-map.php","meta":{"_acf_changed":false,"footnotes":""},"class_list":["post-3839","page","type-page","status-publish","hentry"],"acf":[],"yoast_head":"<!-- This site is optimized with the Yoast SEO plugin v27.0 - https:\/\/yoast.com\/product\/yoast-seo-wordpress\/ -->\n<title>Finde einen Wiederverk\u00e4ufer - Marina Wasserpflege<\/title>\n<meta name=\"description\" content=\"Finde unsere Wiederverk\u00e4ufer f\u00fcr Marina Wasserpflegeprodukte f\u00fcr Pool und Whirlpool \u2013 genie\u00dfe sorgenfreies Planschen!\" \/>\n<meta name=\"robots\" content=\"index, follow, max-snippet:-1, max-image-preview:large, max-video-preview:-1\" \/>\n<link rel=\"canonical\" href=\"https:\/\/marina-pool.com\/de\/finde-einen-wiederverkaufer\/\" \/>\n<meta property=\"og:locale\" content=\"de_DE\" \/>\n<meta property=\"og:type\" content=\"article\" \/>\n<meta property=\"og:title\" content=\"Finde einen Wiederverk\u00e4ufer - Marina Wasserpflege\" \/>\n<meta property=\"og:description\" content=\"Finde unsere Wiederverk\u00e4ufer f\u00fcr Marina Wasserpflegeprodukte f\u00fcr Pool und Whirlpool \u2013 genie\u00dfe sorgenfreies Planschen!\" \/>\n<meta property=\"og:url\" content=\"https:\/\/marina-pool.com\/de\/finde-einen-wiederverkaufer\/\" \/>\n<meta property=\"og:site_name\" content=\"Marina Piscine\" \/>\n<meta property=\"article:modified_time\" content=\"2024-05-24T08:30:13+00:00\" \/>\n<meta name=\"twitter:card\" content=\"summary_large_image\" \/>\n<script type=\"application\/ld+json\" class=\"yoast-schema-graph\">{\"@context\":\"https:\/\/schema.org\",\"@graph\":[{\"@type\":\"WebPage\",\"@id\":\"https:\/\/marina-pool.com\/de\/finde-einen-wiederverkaufer\/\",\"url\":\"https:\/\/marina-pool.com\/de\/finde-einen-wiederverkaufer\/\",\"name\":\"Finde einen Wiederverk\u00e4ufer - Marina Wasserpflege\",\"isPartOf\":{\"@id\":\"https:\/\/marina-pool.com\/de\/#website\"},\"datePublished\":\"2023-11-27T12:02:18+00:00\",\"dateModified\":\"2024-05-24T08:30:13+00:00\",\"description\":\"Finde unsere Wiederverk\u00e4ufer f\u00fcr Marina Wasserpflegeprodukte f\u00fcr Pool und Whirlpool \u2013 genie\u00dfe sorgenfreies Planschen!\",\"breadcrumb\":{\"@id\":\"https:\/\/marina-pool.com\/de\/finde-einen-wiederverkaufer\/#breadcrumb\"},\"inLanguage\":\"de-DE\",\"potentialAction\":[{\"@type\":\"ReadAction\",\"target\":[\"https:\/\/marina-pool.com\/de\/finde-einen-wiederverkaufer\/\"]}]},{\"@type\":\"BreadcrumbList\",\"@id\":\"https:\/\/marina-pool.com\/de\/finde-einen-wiederverkaufer\/#breadcrumb\",\"itemListElement\":[{\"@type\":\"ListItem\",\"position\":1,\"name\":\"Willkommen\",\"item\":\"https:\/\/marina-pool.com\/de\/\"},{\"@type\":\"ListItem\",\"position\":2,\"name\":\"Finde einen Wiederverk\u00e4ufer\"}]},{\"@type\":\"WebSite\",\"@id\":\"https:\/\/marina-pool.com\/de\/#website\",\"url\":\"https:\/\/marina-pool.com\/de\/\",\"name\":\"Marina Piscine\",\"description\":\"Traitement de l&#039;eau de piscine. Marina propose des produits d&#039;entretien de l&#039;eau pour piscines. Anti-algues, d\u00e9sinfection, chlore, brome ...\",\"publisher\":{\"@id\":\"https:\/\/marina-pool.com\/de\/#organization\"},\"potentialAction\":[{\"@type\":\"SearchAction\",\"target\":{\"@type\":\"EntryPoint\",\"urlTemplate\":\"https:\/\/marina-pool.com\/de\/?s={search_term_string}\"},\"query-input\":{\"@type\":\"PropertyValueSpecification\",\"valueRequired\":true,\"valueName\":\"search_term_string\"}}],\"inLanguage\":\"de-DE\"},{\"@type\":\"Organization\",\"@id\":\"https:\/\/marina-pool.com\/de\/#organization\",\"name\":\"Marina Piscine\",\"url\":\"https:\/\/marina-pool.com\/de\/\",\"logo\":{\"@type\":\"ImageObject\",\"inLanguage\":\"de-DE\",\"@id\":\"https:\/\/marina-pool.com\/de\/#\/schema\/logo\/image\/\",\"url\":\"https:\/\/marina-pool.com\/wp-content\/uploads\/2023\/11\/marian_piscine_logo.svg\",\"contentUrl\":\"https:\/\/marina-pool.com\/wp-content\/uploads\/2023\/11\/marian_piscine_logo.svg\",\"width\":296,\"height\":33,\"caption\":\"Marina Piscine\"},\"image\":{\"@id\":\"https:\/\/marina-pool.com\/de\/#\/schema\/logo\/image\/\"}}]}<\/script>\n<!-- \/ Yoast SEO plugin. -->","yoast_head_json":{"title":"Finde einen Wiederverk\u00e4ufer - Marina Wasserpflege","description":"Finde unsere Wiederverk\u00e4ufer f\u00fcr Marina Wasserpflegeprodukte f\u00fcr Pool und Whirlpool \u2013 genie\u00dfe sorgenfreies Planschen!","robots":{"index":"index","follow":"follow","max-snippet":"max-snippet:-1","max-image-preview":"max-image-preview:large","max-video-preview":"max-video-preview:-1"},"canonical":"https:\/\/marina-pool.com\/de\/finde-einen-wiederverkaufer\/","og_locale":"de_DE","og_type":"article","og_title":"Finde einen Wiederverk\u00e4ufer - Marina Wasserpflege","og_description":"Finde unsere Wiederverk\u00e4ufer f\u00fcr Marina Wasserpflegeprodukte f\u00fcr Pool und Whirlpool \u2013 genie\u00dfe sorgenfreies Planschen!","og_url":"https:\/\/marina-pool.com\/de\/finde-einen-wiederverkaufer\/","og_site_name":"Marina Piscine","article_modified_time":"2024-05-24T08:30:13+00:00","twitter_card":"summary_large_image","schema":{"@context":"https:\/\/schema.org","@graph":[{"@type":"WebPage","@id":"https:\/\/marina-pool.com\/de\/finde-einen-wiederverkaufer\/","url":"https:\/\/marina-pool.com\/de\/finde-einen-wiederverkaufer\/","name":"Finde einen Wiederverk\u00e4ufer - Marina Wasserpflege","isPartOf":{"@id":"https:\/\/marina-pool.com\/de\/#website"},"datePublished":"2023-11-27T12:02:18+00:00","dateModified":"2024-05-24T08:30:13+00:00","description":"Finde unsere Wiederverk\u00e4ufer f\u00fcr Marina Wasserpflegeprodukte f\u00fcr Pool und Whirlpool \u2013 genie\u00dfe sorgenfreies Planschen!","breadcrumb":{"@id":"https:\/\/marina-pool.com\/de\/finde-einen-wiederverkaufer\/#breadcrumb"},"inLanguage":"de-DE","potentialAction":[{"@type":"ReadAction","target":["https:\/\/marina-pool.com\/de\/finde-einen-wiederverkaufer\/"]}]},{"@type":"BreadcrumbList","@id":"https:\/\/marina-pool.com\/de\/finde-einen-wiederverkaufer\/#breadcrumb","itemListElement":[{"@type":"ListItem","position":1,"name":"Willkommen","item":"https:\/\/marina-pool.com\/de\/"},{"@type":"ListItem","position":2,"name":"Finde einen Wiederverk\u00e4ufer"}]},{"@type":"WebSite","@id":"https:\/\/marina-pool.com\/de\/#website","url":"https:\/\/marina-pool.com\/de\/","name":"Marina Piscine","description":"Traitement de l&#039;eau de piscine. Marina propose des produits d&#039;entretien de l&#039;eau pour piscines. Anti-algues, d\u00e9sinfection, chlore, brome ...","publisher":{"@id":"https:\/\/marina-pool.com\/de\/#organization"},"potentialAction":[{"@type":"SearchAction","target":{"@type":"EntryPoint","urlTemplate":"https:\/\/marina-pool.com\/de\/?s={search_term_string}"},"query-input":{"@type":"PropertyValueSpecification","valueRequired":true,"valueName":"search_term_string"}}],"inLanguage":"de-DE"},{"@type":"Organization","@id":"https:\/\/marina-pool.com\/de\/#organization","name":"Marina Piscine","url":"https:\/\/marina-pool.com\/de\/","logo":{"@type":"ImageObject","inLanguage":"de-DE","@id":"https:\/\/marina-pool.com\/de\/#\/schema\/logo\/image\/","url":"https:\/\/marina-pool.com\/wp-content\/uploads\/2023\/11\/marian_piscine_logo.svg","contentUrl":"https:\/\/marina-pool.com\/wp-content\/uploads\/2023\/11\/marian_piscine_logo.svg","width":296,"height":33,"caption":"Marina Piscine"},"image":{"@id":"https:\/\/marina-pool.com\/de\/#\/schema\/logo\/image\/"}}]}},"_links":{"self":[{"href":"https:\/\/marina-pool.com\/de\/wp-json\/wp\/v2\/pages\/3839","targetHints":{"allow":["GET"]}}],"collection":[{"href":"https:\/\/marina-pool.com\/de\/wp-json\/wp\/v2\/pages"}],"about":[{"href":"https:\/\/marina-pool.com\/de\/wp-json\/wp\/v2\/types\/page"}],"author":[{"embeddable":true,"href":"https:\/\/marina-pool.com\/de\/wp-json\/wp\/v2\/users\/1"}],"replies":[{"embeddable":true,"href":"https:\/\/marina-pool.com\/de\/wp-json\/wp\/v2\/comments?post=3839"}],"version-history":[{"count":2,"href":"https:\/\/marina-pool.com\/de\/wp-json\/wp\/v2\/pages\/3839\/revisions"}],"predecessor-version":[{"id":4398,"href":"https:\/\/marina-pool.com\/de\/wp-json\/wp\/v2\/pages\/3839\/revisions\/4398"}],"wp:attachment":[{"href":"https:\/\/marina-pool.com\/de\/wp-json\/wp\/v2\/media?parent=3839"}],"curies":[{"name":"wp","href":"https:\/\/api.w.org\/{rel}","templated":true}]}}